{"id":3113,"date":"2024-08-21T16:08:48","date_gmt":"2024-08-21T13:08:48","guid":{"rendered":"https:\/\/ogmpictures.com\/kvkk-clarification-text\/"},"modified":"2026-03-12T00:23:11","modified_gmt":"2026-03-11T21:23:11","slug":"kvkk-clarification-text","status":"publish","type":"page","link":"https:\/\/ogmpictures.com\/en\/kvkk-clarification-text\/","title":{"rendered":"KVKK Clarification Text"},"content":{"rendered":"\t\t<div data-elementor-type=\"wp-page\" data-elementor-id=\"3113\" class=\"elementor elementor-3113 elementor-1444\" data-elementor-post-type=\"page\">\n\t\t\t\t<div class=\"elementor-element elementor-element-c7f1900 e-flex e-con-boxed e-con e-parent\" data-id=\"c7f1900\" data-element_type=\"container\" data-e-type=\"container\">\n\t\t\t\t\t<div class=\"e-con-inner\">\n\t\t\t\t<div class=\"elementor-element elementor-element-0f9ba13 elementor-widget elementor-widget-heading\" data-id=\"0f9ba13\" data-element_type=\"widget\" data-e-type=\"widget\" data-widget_type=\"heading.default\">\n\t\t\t\t\t<h2 class=\"elementor-heading-title elementor-size-default\">PERSONAL DATA PROTECTION AND PROCESSING DISCLOSURE STATEMENT<\/h2>\t\t\t\t<\/div>\n\t\t\t\t<div class=\"elementor-element elementor-element-0d2138c elementor-widget elementor-widget-text-editor\" data-id=\"0d2138c\" data-element_type=\"widget\" data-e-type=\"widget\" data-widget_type=\"text-editor.default\">\n\t\t\t\t\t\t\t\t\t<p>As<span class=\"gmail-Apple-converted-space\">\u00a0<\/span><strong>OGM Prod\u00fcksiyon ve Medya Hizmetleri A.\u015e. (OGM)<\/strong>, in our capacity as the<span class=\"gmail-Apple-converted-space\">\u00a0<\/span><strong>Data Controller<\/strong>, we would like to inform you, in accordance with the<span class=\"gmail-Apple-converted-space\">\u00a0<\/span><strong>Law on the Protection of Personal Data No. 6698 (the \u201cLaw\u201d)<\/strong><span class=\"gmail-Apple-converted-space\">\u00a0<\/span>and the<span class=\"gmail-Apple-converted-space\">\u00a0<\/span><strong>Communiqu\u00e9 on the Principles and Procedures to be Followed in Fulfilment of the Obligation to Inform<\/strong>, about the purposes for which your personal data will be processed, to whom and for what purposes your processed personal data may be transferred, the method and legal basis for collecting your personal data, and your rights listed under<span class=\"gmail-Apple-converted-space\">\u00a0<\/span><strong>Article 11 of the Law<\/strong>.<\/p>\n<hr \/>\n<h2>I. Purposes and Legal Grounds for Processing Personal Data<\/h2>\n<p>Your personal data is collected and processed by OGM within the scope of the purposes explained below, in accordance with the<span class=\"gmail-Apple-converted-space\">\u00a0<\/span><strong>general principles set forth in Article 4 of the Law<\/strong><span class=\"gmail-Apple-converted-space\">\u00a0<\/span>and the<span class=\"gmail-Apple-converted-space\">\u00a0<\/span><strong>conditions for processing personal data (legal grounds) specified in Articles 5 and 6<\/strong><span class=\"gmail-Apple-converted-space\">\u00a0<\/span>of the Law.<\/p>\n<p>Your personal data may be processed for the following purposes:<\/p>\n<ul>\n<li>Fulfillment of our obligations arising from the<span class=\"gmail-Apple-converted-space\">\u00a0<\/span><strong>Law on Intellectual and Artistic Works, Turkish Commercial Code, Labor Law, Tax Procedure Law<\/strong>, and other applicable legislation to which our company is subject, and compliance with information and reporting obligations if requested by administrative authorities;<\/li>\n<li>Ensuring the fulfillment of rights and additional benefits arising from legislation for our employees, carrying out human resources activities, informing relevant public institutions and organizations, and conducting official correspondence;<\/li>\n<li>Ensuring that services obtained from suppliers are carried out in accordance with contractual conditions and duly performed;<\/li>\n<li>Planning and execution of business activities and operational processes;<\/li>\n<li>Carrying out activities related to<span class=\"gmail-Apple-converted-space\">\u00a0<\/span><strong>TV series, films and similar productions<\/strong>, and managing the contractual and legal processes related to these activities;<\/li>\n<li>Evaluating applications from candidates regarding<span class=\"gmail-Apple-converted-space\">\u00a0<\/span><strong>TV series, films, and similar projects<\/strong>, and maintaining communication with such applicants.<\/li>\n<\/ul>\n<hr \/>\n<h2>II. Transfer of Personal Data and Purpose of Transfer<\/h2>\n<p>Your personal data may be transferred, within the scope of the provisions of the Law regarding the<span class=\"gmail-Apple-converted-space\">\u00a0<\/span><strong>transfer of personal data and transfer abroad<\/strong>, for the purposes and legal grounds stated in<span class=\"gmail-Apple-converted-space\">\u00a0<\/span><strong>Article 1 of this Disclosure Statement<\/strong>, to:<\/p>\n<ul>\n<li>Financial institutions<\/li>\n<li>Authorized public institutions and organizations<\/li>\n<li>Third parties from whom we receive services in order to carry out our business activities<\/li>\n<li>Organizations with which we collaborate.<\/li>\n<\/ul>\n<hr \/>\n<h2>III. Method of Collecting Personal Data<\/h2>\n<p>Your personal data may be collected<span class=\"gmail-Apple-converted-space\">\u00a0<\/span><strong>verbally, in writing, or electronically<\/strong>, through<span class=\"gmail-Apple-converted-space\">\u00a0<\/span><strong>automatic or non-automatic methods<\/strong>, within the framework of our company&#8217;s commercial activities, via:<\/p>\n<ul>\n<li>Our website<\/li>\n<li>Our social media platforms<\/li>\n<li>Parties with whom we maintain business relationships and\/or receive services that complement our activities<\/li>\n<li>Contracted institutions<\/li>\n<li>Other similar channels.<\/li>\n<\/ul>\n<hr \/>\n<h2>IV. Rights of the Relevant Person Whose Personal Data Is Processed<\/h2>\n<p>Regarding the processing of your personal data, you may exercise the following rights by submitting a request to our Company as the<span class=\"gmail-Apple-converted-space\">\u00a0<\/span><strong>Data Controller<\/strong>. Requests submitted within this scope will be concluded by OGM<span class=\"gmail-Apple-converted-space\">\u00a0<\/span><strong>within thirty (30) days at the latest<\/strong>.<\/p>\n<p>As the<span class=\"gmail-Apple-converted-space\">\u00a0<\/span><strong>data subject (personal data owner)<\/strong>, you have the right to:<\/p>\n<ul>\n<li>Learn whether your personal data is processed,<\/li>\n<li>Request information if your personal data has been processed,<\/li>\n<li>Learn the purpose of processing your personal data and whether it is used in accordance with that purpose,<\/li>\n<li>Know the third parties to whom your personal data is transferred domestically or abroad,<\/li>\n<li>Request correction of your personal data if it has been processed incompletely or incorrectly,<\/li>\n<li>Request deletion or destruction of your personal data,<\/li>\n<li>Request notification of the correction, deletion, or destruction of personal data to third parties to whom the data has been transferred,<\/li>\n<li>Object to the occurrence of a result against you by analyzing the processed data exclusively through automated systems,<\/li>\n<li>Request compensation for damages if you suffer damage due to unlawful processing of your personal data.<\/li>\n<\/ul>\n<hr \/>\n<h2>V. Method of Application to the Data Controller<\/h2>\n<p>If you wish to exercise your rights mentioned above, you may download the<span class=\"gmail-Apple-converted-space\">\u00a0<\/span><strong>\u201cKVKK Application Form\u201d<\/strong><span class=\"gmail-Apple-converted-space\">\u00a0<\/span>from the relevant link and submit it to us using any of the methods listed below:<\/p>\n<ul>\n<li>By<span class=\"gmail-Apple-converted-space\">\u00a0<\/span><strong>mail<\/strong>, provided that it is signed with a wet signature and accompanied by documents identifying your identity,<\/li>\n<li>Via<span class=\"gmail-Apple-converted-space\">\u00a0<\/span><strong>Registered Electronic Mail (REM)<\/strong>,<\/li>\n<li>By means of a<span class=\"gmail-Apple-converted-space\">\u00a0<\/span><strong>secure electronic signature or mobile signature<\/strong>,<\/li>\n<li>By using the<span class=\"gmail-Apple-converted-space\">\u00a0<\/span><strong>email address registered in our system<\/strong>.<\/li>\n<\/ul>\n<p>You may send your application to the<span class=\"gmail-Apple-converted-space\">\u00a0<\/span><strong>postal address, email address, or registered electronic mail (REM) address<\/strong>provided below. Your application will be responded to as soon as possible and<span class=\"gmail-Apple-converted-space\">\u00a0<\/span><strong>within a maximum of 30 days<\/strong><span class=\"gmail-Apple-converted-space\">\u00a0<\/span>from the date it is received by us, depending on the nature of your request.<\/p>\n<hr \/>\n<p><strong>OGM PROD\u00dcKS\u0130YON VE MEDYA H\u0130ZMETLER\u0130 A.\u015e.<\/strong><\/p>\n<p>Postal Address:<br \/>Tomtom Mah. \u0130stiklal Cad. M\u0131s\u0131r Apt. No: 163\/17<br \/>Beyo\u011flu \/ \u0130stanbul \/ T\u00fcrkiye<\/p>\n<p>Email Address:<br \/><a href=\"mailto:info@ogmpictures.com\">info@ogmpictures.com<\/a><\/p>\n<p>REM Address:<br \/><a href=\"mailto:ogmproduksiyon@hs01.kep.tr\">ogmproduksiyon@hs01.kep.tr<\/a><\/p>\n\t\t\t\t\t\t\t\t<\/div>\n\t\t\t\t<div class=\"elementor-element elementor-element-a7c2405 elementor-widget elementor-widget-heading\" data-id=\"a7c2405\" data-element_type=\"widget\" data-e-type=\"widget\" data-widget_type=\"heading.default\">\n\t\t\t\t\t<h2 class=\"elementor-heading-title elementor-size-default\">KVKK Form PDF<\/h2>\t\t\t\t<\/div>\n\t\t\t\t<div class=\"elementor-element elementor-element-1569562 elementor-view-default elementor-widget elementor-widget-icon\" data-id=\"1569562\" data-element_type=\"widget\" data-e-type=\"widget\" data-widget_type=\"icon.default\">\n\t\t\t\t\t\t\t<div class=\"elementor-icon-wrapper\">\n\t\t\t<a class=\"elementor-icon\" href=\"https:\/\/ogmpictures.com\/\/wp-content\/uploads\/2024\/08\/KKVK-BASVURU-FORMU.pdf\" target=\"_blank\">\n\t\t\t<svg aria-hidden=\"true\" class=\"e-font-icon-svg e-fas-file-pdf\" viewBox=\"0 0 384 512\" xmlns=\"http:\/\/www.w3.org\/2000\/svg\"><path d=\"M181.9 256.1c-5-16-4.9-46.9-2-46.9 8.4 0 7.6 36.9 2 46.9zm-1.7 47.2c-7.7 20.2-17.3 43.3-28.4 62.7 18.3-7 39-17.2 62.9-21.9-12.7-9.6-24.9-23.4-34.5-40.8zM86.1 428.1c0 .8 13.2-5.4 34.9-40.2-6.7 6.3-29.1 24.5-34.9 40.2zM248 160h136v328c0 13.3-10.7 24-24 24H24c-13.3 0-24-10.7-24-24V24C0 10.7 10.7 0 24 0h200v136c0 13.2 10.8 24 24 24zm-8 171.8c-20-12.2-33.3-29-42.7-53.8 4.5-18.5 11.6-46.6 6.2-64.2-4.7-29.4-42.4-26.5-47.8-6.8-5 18.3-.4 44.1 8.1 77-11.6 27.6-28.7 64.6-40.8 85.8-.1 0-.1.1-.2.1-27.1 13.9-73.6 44.5-54.5 68 5.6 6.9 16 10 21.5 10 17.9 0 35.7-18 61.1-61.8 25.8-8.5 54.1-19.1 79-23.2 21.7 11.8 47.1 19.5 64 19.5 29.2 0 31.2-32 19.7-43.4-13.9-13.6-54.3-9.7-73.6-7.2zM377 105L279 7c-4.5-4.5-10.6-7-17-7h-6v128h128v-6.1c0-6.3-2.5-12.4-7-16.9zm-74.1 255.3c4.1-2.7-2.5-11.9-42.8-9 37.1 15.8 42.8 9 42.8 9z\"><\/path><\/svg>\t\t\t<\/a>\n\t\t<\/div>\n\t\t\t\t\t\t<\/div>\n\t\t\t\t\t<\/div>\n\t\t\t\t<\/div>\n\t\t\t\t<\/div>\n\t\t","protected":false},"excerpt":{"rendered":"<p>PERSONAL DATA PROTECTION AND PROCESSING DISCLOSURE STATEMENT As\u00a0OGM Prod\u00fcksiyon ve Medya Hizmetleri A.\u015e. (OGM), in our capacity as the\u00a0Data Controller, we would like to inform you, in accordance with the\u00a0Law on the Protection of Personal Data No. 6698 (the \u201cLaw\u201d)\u00a0and the\u00a0Communiqu\u00e9 on the Principles and Procedures to be Followed in Fulfilment of the Obligation to [&hellip;]<\/p>\n","protected":false},"author":1,"featured_media":0,"parent":0,"menu_order":0,"comment_status":"closed","ping_status":"closed","template":"","meta":{"_acf_changed":false,"footnotes":""},"class_list":["post-3113","page","type-page","status-publish","hentry"],"acf":[],"yoast_head":"<!-- This site is optimized with the Yoast SEO plugin v27.3 - https:\/\/yoast.com\/product\/yoast-seo-wordpress\/ -->\n<title>KVKK Clarification Text - Ogm Pictures<\/title>\n<meta name=\"robots\" content=\"index, follow, max-snippet:-1, max-image-preview:large, max-video-preview:-1\" \/>\n<link rel=\"canonical\" href=\"https:\/\/ogmpictures.com\/en\/kvkk-clarification-text\/\" \/>\n<meta property=\"og:locale\" content=\"en_US\" \/>\n<meta property=\"og:type\" content=\"article\" \/>\n<meta property=\"og:title\" content=\"KVKK Clarification Text - Ogm Pictures\" \/>\n<meta property=\"og:description\" content=\"PERSONAL DATA PROTECTION AND PROCESSING DISCLOSURE STATEMENT As\u00a0OGM Prod\u00fcksiyon ve Medya Hizmetleri A.\u015e. (OGM), in our capacity as the\u00a0Data Controller, we would like to inform you, in accordance with the\u00a0Law on the Protection of Personal Data No. 6698 (the \u201cLaw\u201d)\u00a0and the\u00a0Communiqu\u00e9 on the Principles and Procedures to be Followed in Fulfilment of the Obligation to [&hellip;]\" \/>\n<meta property=\"og:url\" content=\"https:\/\/ogmpictures.com\/en\/kvkk-clarification-text\/\" \/>\n<meta property=\"og:site_name\" content=\"Ogm Pictures\" \/>\n<meta property=\"article:publisher\" content=\"https:\/\/www.facebook.com\/ogmpictures\" \/>\n<meta property=\"article:modified_time\" content=\"2026-03-11T21:23:11+00:00\" \/>\n<meta name=\"twitter:card\" content=\"summary_large_image\" \/>\n<meta name=\"twitter:site\" content=\"@OgmPictures\" \/>\n<meta name=\"twitter:label1\" content=\"Est. reading time\" \/>\n\t<meta name=\"twitter:data1\" content=\"4 minutes\" \/>\n<script type=\"application\/ld+json\" class=\"yoast-schema-graph\">{\"@context\":\"https:\\\/\\\/schema.org\",\"@graph\":[{\"@type\":\"WebPage\",\"@id\":\"https:\\\/\\\/ogmpictures.com\\\/en\\\/kvkk-clarification-text\\\/\",\"url\":\"https:\\\/\\\/ogmpictures.com\\\/en\\\/kvkk-clarification-text\\\/\",\"name\":\"KVKK Clarification Text - Ogm Pictures\",\"isPartOf\":{\"@id\":\"https:\\\/\\\/ogmpictures.com\\\/en\\\/#website\"},\"datePublished\":\"2024-08-21T13:08:48+00:00\",\"dateModified\":\"2026-03-11T21:23:11+00:00\",\"breadcrumb\":{\"@id\":\"https:\\\/\\\/ogmpictures.com\\\/en\\\/kvkk-clarification-text\\\/#breadcrumb\"},\"inLanguage\":\"en-US\",\"potentialAction\":[{\"@type\":\"ReadAction\",\"target\":[\"https:\\\/\\\/ogmpictures.com\\\/en\\\/kvkk-clarification-text\\\/\"]}]},{\"@type\":\"BreadcrumbList\",\"@id\":\"https:\\\/\\\/ogmpictures.com\\\/en\\\/kvkk-clarification-text\\\/#breadcrumb\",\"itemListElement\":[{\"@type\":\"ListItem\",\"position\":1,\"name\":\"Home\",\"item\":\"https:\\\/\\\/ogmpictures.com\\\/en\\\/\"},{\"@type\":\"ListItem\",\"position\":2,\"name\":\"KVKK Clarification Text\"}]},{\"@type\":\"WebSite\",\"@id\":\"https:\\\/\\\/ogmpictures.com\\\/en\\\/#website\",\"url\":\"https:\\\/\\\/ogmpictures.com\\\/en\\\/\",\"name\":\"Ogm Pictures\",\"description\":\"\",\"publisher\":{\"@id\":\"https:\\\/\\\/ogmpictures.com\\\/en\\\/#organization\"},\"potentialAction\":[{\"@type\":\"SearchAction\",\"target\":{\"@type\":\"EntryPoint\",\"urlTemplate\":\"https:\\\/\\\/ogmpictures.com\\\/en\\\/?s={search_term_string}\"},\"query-input\":{\"@type\":\"PropertyValueSpecification\",\"valueRequired\":true,\"valueName\":\"search_term_string\"}}],\"inLanguage\":\"en-US\"},{\"@type\":\"Organization\",\"@id\":\"https:\\\/\\\/ogmpictures.com\\\/en\\\/#organization\",\"name\":\"Ogm Pictures\",\"url\":\"https:\\\/\\\/ogmpictures.com\\\/en\\\/\",\"logo\":{\"@type\":\"ImageObject\",\"inLanguage\":\"en-US\",\"@id\":\"https:\\\/\\\/ogmpictures.com\\\/en\\\/#\\\/schema\\\/logo\\\/image\\\/\",\"url\":\"https:\\\/\\\/ogmpictures.com\\\/wp-content\\\/uploads\\\/2024\\\/07\\\/ogm-pictures-logo-white.webp\",\"contentUrl\":\"https:\\\/\\\/ogmpictures.com\\\/wp-content\\\/uploads\\\/2024\\\/07\\\/ogm-pictures-logo-white.webp\",\"width\":272,\"height\":136,\"caption\":\"Ogm Pictures\"},\"image\":{\"@id\":\"https:\\\/\\\/ogmpictures.com\\\/en\\\/#\\\/schema\\\/logo\\\/image\\\/\"},\"sameAs\":[\"https:\\\/\\\/www.facebook.com\\\/ogmpictures\",\"https:\\\/\\\/x.com\\\/OgmPictures\",\"https:\\\/\\\/www.instagram.com\\\/ogm.pictures\\\/\",\"https:\\\/\\\/www.youtube.com\\\/channel\\\/UC7Sydzfn1XKWb4yvPaLgsyQ\",\"https:\\\/\\\/www.linkedin.com\\\/company\\\/ogmpictures\"]}]}<\/script>\n<!-- \/ Yoast SEO plugin. -->","yoast_head_json":{"title":"KVKK Clarification Text - Ogm Pictures","robots":{"index":"index","follow":"follow","max-snippet":"max-snippet:-1","max-image-preview":"max-image-preview:large","max-video-preview":"max-video-preview:-1"},"canonical":"https:\/\/ogmpictures.com\/en\/kvkk-clarification-text\/","og_locale":"en_US","og_type":"article","og_title":"KVKK Clarification Text - Ogm Pictures","og_description":"PERSONAL DATA PROTECTION AND PROCESSING DISCLOSURE STATEMENT As\u00a0OGM Prod\u00fcksiyon ve Medya Hizmetleri A.\u015e. (OGM), in our capacity as the\u00a0Data Controller, we would like to inform you, in accordance with the\u00a0Law on the Protection of Personal Data No. 6698 (the \u201cLaw\u201d)\u00a0and the\u00a0Communiqu\u00e9 on the Principles and Procedures to be Followed in Fulfilment of the Obligation to [&hellip;]","og_url":"https:\/\/ogmpictures.com\/en\/kvkk-clarification-text\/","og_site_name":"Ogm Pictures","article_publisher":"https:\/\/www.facebook.com\/ogmpictures","article_modified_time":"2026-03-11T21:23:11+00:00","twitter_card":"summary_large_image","twitter_site":"@OgmPictures","twitter_misc":{"Est. reading time":"4 minutes"},"schema":{"@context":"https:\/\/schema.org","@graph":[{"@type":"WebPage","@id":"https:\/\/ogmpictures.com\/en\/kvkk-clarification-text\/","url":"https:\/\/ogmpictures.com\/en\/kvkk-clarification-text\/","name":"KVKK Clarification Text - Ogm Pictures","isPartOf":{"@id":"https:\/\/ogmpictures.com\/en\/#website"},"datePublished":"2024-08-21T13:08:48+00:00","dateModified":"2026-03-11T21:23:11+00:00","breadcrumb":{"@id":"https:\/\/ogmpictures.com\/en\/kvkk-clarification-text\/#breadcrumb"},"inLanguage":"en-US","potentialAction":[{"@type":"ReadAction","target":["https:\/\/ogmpictures.com\/en\/kvkk-clarification-text\/"]}]},{"@type":"BreadcrumbList","@id":"https:\/\/ogmpictures.com\/en\/kvkk-clarification-text\/#breadcrumb","itemListElement":[{"@type":"ListItem","position":1,"name":"Home","item":"https:\/\/ogmpictures.com\/en\/"},{"@type":"ListItem","position":2,"name":"KVKK Clarification Text"}]},{"@type":"WebSite","@id":"https:\/\/ogmpictures.com\/en\/#website","url":"https:\/\/ogmpictures.com\/en\/","name":"Ogm Pictures","description":"","publisher":{"@id":"https:\/\/ogmpictures.com\/en\/#organization"},"potentialAction":[{"@type":"SearchAction","target":{"@type":"EntryPoint","urlTemplate":"https:\/\/ogmpictures.com\/en\/?s={search_term_string}"},"query-input":{"@type":"PropertyValueSpecification","valueRequired":true,"valueName":"search_term_string"}}],"inLanguage":"en-US"},{"@type":"Organization","@id":"https:\/\/ogmpictures.com\/en\/#organization","name":"Ogm Pictures","url":"https:\/\/ogmpictures.com\/en\/","logo":{"@type":"ImageObject","inLanguage":"en-US","@id":"https:\/\/ogmpictures.com\/en\/#\/schema\/logo\/image\/","url":"https:\/\/ogmpictures.com\/wp-content\/uploads\/2024\/07\/ogm-pictures-logo-white.webp","contentUrl":"https:\/\/ogmpictures.com\/wp-content\/uploads\/2024\/07\/ogm-pictures-logo-white.webp","width":272,"height":136,"caption":"Ogm Pictures"},"image":{"@id":"https:\/\/ogmpictures.com\/en\/#\/schema\/logo\/image\/"},"sameAs":["https:\/\/www.facebook.com\/ogmpictures","https:\/\/x.com\/OgmPictures","https:\/\/www.instagram.com\/ogm.pictures\/","https:\/\/www.youtube.com\/channel\/UC7Sydzfn1XKWb4yvPaLgsyQ","https:\/\/www.linkedin.com\/company\/ogmpictures"]}]}},"_links":{"self":[{"href":"https:\/\/ogmpictures.com\/en\/wp-json\/wp\/v2\/pages\/3113","targetHints":{"allow":["GET"]}}],"collection":[{"href":"https:\/\/ogmpictures.com\/en\/wp-json\/wp\/v2\/pages"}],"about":[{"href":"https:\/\/ogmpictures.com\/en\/wp-json\/wp\/v2\/types\/page"}],"author":[{"embeddable":true,"href":"https:\/\/ogmpictures.com\/en\/wp-json\/wp\/v2\/users\/1"}],"replies":[{"embeddable":true,"href":"https:\/\/ogmpictures.com\/en\/wp-json\/wp\/v2\/comments?post=3113"}],"version-history":[{"count":1,"href":"https:\/\/ogmpictures.com\/en\/wp-json\/wp\/v2\/pages\/3113\/revisions"}],"predecessor-version":[{"id":3114,"href":"https:\/\/ogmpictures.com\/en\/wp-json\/wp\/v2\/pages\/3113\/revisions\/3114"}],"wp:attachment":[{"href":"https:\/\/ogmpictures.com\/en\/wp-json\/wp\/v2\/media?parent=3113"}],"curies":[{"name":"wp","href":"https:\/\/api.w.org\/{rel}","templated":true}]}}